{"id":2,"date":"2018-07-27T15:31:19","date_gmt":"2018-07-27T13:31:19","guid":{"rendered":"http:\/\/orchesterschule.com\/berlin\/?page_id=2"},"modified":"2019-09-26T10:28:48","modified_gmt":"2019-09-26T08:28:48","slug":"impressum","status":"publish","type":"page","link":"https:\/\/orchesterschule.com\/berlin\/impressum\/","title":{"rendered":"Impressum"},"content":{"rendered":"\t\t<div data-elementor-type=\"wp-post\" data-elementor-id=\"2\" class=\"elementor elementor-2\" data-elementor-post-type=\"page\">\n\t\t\t\t\t\t<section class=\"elementor-section elementor-top-section elementor-element elementor-element-7ce9f4d3 elementor-section-boxed elementor-section-height-default elementor-section-height-default\" data-id=\"7ce9f4d3\" data-element_type=\"section\">\n\t\t\t\t\t\t<div class=\"elementor-container elementor-column-gap-default\">\n\t\t\t\t\t<div class=\"elementor-column elementor-col-100 elementor-top-column elementor-element elementor-element-49f1f32e\" data-id=\"49f1f32e\" data-element_type=\"column\">\n\t\t\t<div class=\"elementor-widget-wrap elementor-element-populated\">\n\t\t\t\t\t\t<div class=\"elementor-element elementor-element-5ec353c8 elementor-widget elementor-widget-text-editor\" data-id=\"5ec353c8\" data-element_type=\"widget\" data-widget_type=\"text-editor.default\">\n\t\t\t\t<div class=\"elementor-widget-container\">\n\t\t\t\t\t\t\t<div data-id=\"36bd7e4b\" data-element_type=\"text-editor.default\"><div data-id=\"36bd7e4b\" data-element_type=\"text-editor.default\"><p><strong>Verantwortungsbereich:<\/strong><br \/>Das Impressum gilt nur f\u00fcr die Internetpr\u00e4senz unter der Adresse: www.orchesterschule.com<\/p><p><strong>Diensteanbieter:<\/strong><br \/>Orchesterschule Berlin\/Potsdam<\/p><p><strong>Verantwortliche Ansprechperson:<\/strong><br \/>Philipp Fuhrmann<\/p><p>Orchesterschule Berlin\/Potsdam<br \/>Schmidstr. 3<br \/>88045 Friedrichshafen<\/p><p>Tel.: 07541\/9549801<br \/>Fax: 07541\/9549802<br \/><a href=\"mailto:philipp@orchesterschule.com\">leitung@orchesterschule.com<\/a><\/p><\/div><p><strong>Gestaltung:<\/strong> <br \/><a href=\"http:\/\/www.piktogram.eu\">Piktogram GbR<\/a> (Illustration: Katharina Bu\u00dfhoff)<\/p><div data-id=\"36bd7e4b\" data-element_type=\"text-editor.default\"><p>Die Inhalte dieser Website wurden sorgf\u00e4ltig gepr\u00fcft und nach bestem Wissen erstellt. F\u00fcr die hier dargebotenen Informationen wird kein Anspruch auf Vollst\u00e4ndigkeit, Aktualit\u00e4t, Qualit\u00e4t und Richtigkeit erhoben. Es kann keine Verantwortung f\u00fcr Sch\u00e4den \u00fcbernommen werden, die durch das Vertrauen auf die Inhalte dieser Website oder deren Gebrauch entstehen.<\/p><p>Schutzrechtsverletzung: Falls Sie vermuten, dass von dieser Website aus eines Ihrer Schutzrechte verletzt wird, teilen Sie das bitte umgehend per Email mit, damit z\u00fcgig Abhilfe geschafft werden kann. Bitte nehmen Sie zur Kenntnis, dass die zeitaufw\u00e4ndigere Einschaltung eines Anwaltes zur f\u00fcr den Diensteanbieter kostenpflichtigen Abmahnung nicht dessen wirklichem oder mutma\u00dflichem Willen entspricht.<\/p><p>Gem\u00e4\u00df \u00a7 28 BDSG widerspricht die Orchesterschule Berlin\/Potsdam jeder kommerziellen Verwendung und Weitergabe ihrer Daten.<\/p><\/div><\/div><div>\u00a0<\/div><div>\u00a0<\/div>\t\t\t\t\t\t<\/div>\n\t\t\t\t<\/div>\n\t\t\t\t\t<\/div>\n\t\t<\/div>\n\t\t\t\t\t<\/div>\n\t\t<\/section>\n\t\t\t\t<\/div>\n\t\t","protected":false},"excerpt":{"rendered":"<p>Verantwortungsbereich:Das Impressum gilt nur f\u00fcr die Internetpr\u00e4senz unter der Adresse: www.orchesterschule.com Diensteanbieter:Orchesterschule Berlin\/Potsdam Verantwortliche Ansprechperson:Philipp Fuhrmann Orchesterschule Berlin\/PotsdamSchmidstr. 388045 Friedrichshafen Tel.: 07541\/9549801Fax: 07541\/9549802leitung@orchesterschule.com Gestaltung: Piktogram GbR (Illustration: Katharina Bu\u00dfhoff) Die Inhalte dieser Website wurden sorgf\u00e4ltig gepr\u00fcft und nach bestem Wissen erstellt. F\u00fcr die hier dargebotenen Informationen wird kein Anspruch auf Vollst\u00e4ndigkeit, Aktualit\u00e4t, Qualit\u00e4t und Richtigkeit &hellip; <a href=\"https:\/\/orchesterschule.com\/berlin\/impressum\/\">Continued<\/a><\/p>\n","protected":false},"author":1,"featured_media":0,"parent":0,"menu_order":0,"comment_status":"closed","ping_status":"closed","template":"","meta":{"footnotes":""},"class_list":["post-2","page","type-page","status-publish","hentry"],"yoast_head":"<!-- This site is optimized with the Yoast SEO plugin v23.9 - https:\/\/yoast.com\/wordpress\/plugins\/seo\/ -->\n<title>Impressum - Orchesterschule Berlin<\/title>\n<meta name=\"robots\" content=\"index, follow, max-snippet:-1, max-image-preview:large, max-video-preview:-1\" \/>\n<link rel=\"canonical\" href=\"https:\/\/orchesterschule.com\/berlin\/impressum\/\" \/>\n<meta property=\"og:locale\" content=\"de_DE\" \/>\n<meta property=\"og:type\" content=\"article\" \/>\n<meta property=\"og:title\" content=\"Impressum - Orchesterschule Berlin\" \/>\n<meta property=\"og:description\" content=\"Verantwortungsbereich:Das Impressum gilt nur f\u00fcr die Internetpr\u00e4senz unter der Adresse: www.orchesterschule.com Diensteanbieter:Orchesterschule Berlin\/Potsdam Verantwortliche Ansprechperson:Philipp Fuhrmann Orchesterschule Berlin\/PotsdamSchmidstr. 388045 Friedrichshafen Tel.: 07541\/9549801Fax: 07541\/9549802leitung@orchesterschule.com Gestaltung: Piktogram GbR (Illustration: Katharina Bu\u00dfhoff) Die Inhalte dieser Website wurden sorgf\u00e4ltig gepr\u00fcft und nach bestem Wissen erstellt. F\u00fcr die hier dargebotenen Informationen wird kein Anspruch auf Vollst\u00e4ndigkeit, Aktualit\u00e4t, Qualit\u00e4t und Richtigkeit &hellip; Continued\" \/>\n<meta property=\"og:url\" content=\"https:\/\/orchesterschule.com\/berlin\/impressum\/\" \/>\n<meta property=\"og:site_name\" content=\"Orchesterschule Berlin\" \/>\n<meta property=\"article:modified_time\" content=\"2019-09-26T08:28:48+00:00\" \/>\n<meta name=\"twitter:card\" content=\"summary_large_image\" \/>\n<meta name=\"twitter:label1\" content=\"Gesch\u00e4tzte Lesezeit\" \/>\n\t<meta name=\"twitter:data1\" content=\"1\u00a0Minute\" \/>\n<script type=\"application\/ld+json\" class=\"yoast-schema-graph\">{\"@context\":\"https:\/\/schema.org\",\"@graph\":[{\"@type\":\"WebPage\",\"@id\":\"https:\/\/orchesterschule.com\/berlin\/impressum\/\",\"url\":\"https:\/\/orchesterschule.com\/berlin\/impressum\/\",\"name\":\"Impressum - Orchesterschule Berlin\",\"isPartOf\":{\"@id\":\"https:\/\/orchesterschule.com\/berlin\/#website\"},\"datePublished\":\"2018-07-27T13:31:19+00:00\",\"dateModified\":\"2019-09-26T08:28:48+00:00\",\"breadcrumb\":{\"@id\":\"https:\/\/orchesterschule.com\/berlin\/impressum\/#breadcrumb\"},\"inLanguage\":\"de\",\"potentialAction\":[{\"@type\":\"ReadAction\",\"target\":[\"https:\/\/orchesterschule.com\/berlin\/impressum\/\"]}]},{\"@type\":\"BreadcrumbList\",\"@id\":\"https:\/\/orchesterschule.com\/berlin\/impressum\/#breadcrumb\",\"itemListElement\":[{\"@type\":\"ListItem\",\"position\":1,\"name\":\"Startseite\",\"item\":\"https:\/\/orchesterschule.com\/berlin\/\"},{\"@type\":\"ListItem\",\"position\":2,\"name\":\"Impressum\"}]},{\"@type\":\"WebSite\",\"@id\":\"https:\/\/orchesterschule.com\/berlin\/#website\",\"url\":\"https:\/\/orchesterschule.com\/berlin\/\",\"name\":\"Orchesterschule Berlin\",\"description\":\"\",\"potentialAction\":[{\"@type\":\"SearchAction\",\"target\":{\"@type\":\"EntryPoint\",\"urlTemplate\":\"https:\/\/orchesterschule.com\/berlin\/?s={search_term_string}\"},\"query-input\":{\"@type\":\"PropertyValueSpecification\",\"valueRequired\":true,\"valueName\":\"search_term_string\"}}],\"inLanguage\":\"de\"}]}<\/script>\n<!-- \/ Yoast SEO plugin. -->","yoast_head_json":{"title":"Impressum - Orchesterschule Berlin","robots":{"index":"index","follow":"follow","max-snippet":"max-snippet:-1","max-image-preview":"max-image-preview:large","max-video-preview":"max-video-preview:-1"},"canonical":"https:\/\/orchesterschule.com\/berlin\/impressum\/","og_locale":"de_DE","og_type":"article","og_title":"Impressum - Orchesterschule Berlin","og_description":"Verantwortungsbereich:Das Impressum gilt nur f\u00fcr die Internetpr\u00e4senz unter der Adresse: www.orchesterschule.com Diensteanbieter:Orchesterschule Berlin\/Potsdam Verantwortliche Ansprechperson:Philipp Fuhrmann Orchesterschule Berlin\/PotsdamSchmidstr. 388045 Friedrichshafen Tel.: 07541\/9549801Fax: 07541\/9549802leitung@orchesterschule.com Gestaltung: Piktogram GbR (Illustration: Katharina Bu\u00dfhoff) Die Inhalte dieser Website wurden sorgf\u00e4ltig gepr\u00fcft und nach bestem Wissen erstellt. F\u00fcr die hier dargebotenen Informationen wird kein Anspruch auf Vollst\u00e4ndigkeit, Aktualit\u00e4t, Qualit\u00e4t und Richtigkeit &hellip; Continued","og_url":"https:\/\/orchesterschule.com\/berlin\/impressum\/","og_site_name":"Orchesterschule Berlin","article_modified_time":"2019-09-26T08:28:48+00:00","twitter_card":"summary_large_image","twitter_misc":{"Gesch\u00e4tzte Lesezeit":"1\u00a0Minute"},"schema":{"@context":"https:\/\/schema.org","@graph":[{"@type":"WebPage","@id":"https:\/\/orchesterschule.com\/berlin\/impressum\/","url":"https:\/\/orchesterschule.com\/berlin\/impressum\/","name":"Impressum - Orchesterschule Berlin","isPartOf":{"@id":"https:\/\/orchesterschule.com\/berlin\/#website"},"datePublished":"2018-07-27T13:31:19+00:00","dateModified":"2019-09-26T08:28:48+00:00","breadcrumb":{"@id":"https:\/\/orchesterschule.com\/berlin\/impressum\/#breadcrumb"},"inLanguage":"de","potentialAction":[{"@type":"ReadAction","target":["https:\/\/orchesterschule.com\/berlin\/impressum\/"]}]},{"@type":"BreadcrumbList","@id":"https:\/\/orchesterschule.com\/berlin\/impressum\/#breadcrumb","itemListElement":[{"@type":"ListItem","position":1,"name":"Startseite","item":"https:\/\/orchesterschule.com\/berlin\/"},{"@type":"ListItem","position":2,"name":"Impressum"}]},{"@type":"WebSite","@id":"https:\/\/orchesterschule.com\/berlin\/#website","url":"https:\/\/orchesterschule.com\/berlin\/","name":"Orchesterschule Berlin","description":"","potentialAction":[{"@type":"SearchAction","target":{"@type":"EntryPoint","urlTemplate":"https:\/\/orchesterschule.com\/berlin\/?s={search_term_string}"},"query-input":{"@type":"PropertyValueSpecification","valueRequired":true,"valueName":"search_term_string"}}],"inLanguage":"de"}]}},"_links":{"self":[{"href":"https:\/\/orchesterschule.com\/berlin\/wp-json\/wp\/v2\/pages\/2","targetHints":{"allow":["GET"]}}],"collection":[{"href":"https:\/\/orchesterschule.com\/berlin\/wp-json\/wp\/v2\/pages"}],"about":[{"href":"https:\/\/orchesterschule.com\/berlin\/wp-json\/wp\/v2\/types\/page"}],"author":[{"embeddable":true,"href":"https:\/\/orchesterschule.com\/berlin\/wp-json\/wp\/v2\/users\/1"}],"replies":[{"embeddable":true,"href":"https:\/\/orchesterschule.com\/berlin\/wp-json\/wp\/v2\/comments?post=2"}],"version-history":[{"count":13,"href":"https:\/\/orchesterschule.com\/berlin\/wp-json\/wp\/v2\/pages\/2\/revisions"}],"predecessor-version":[{"id":1087,"href":"https:\/\/orchesterschule.com\/berlin\/wp-json\/wp\/v2\/pages\/2\/revisions\/1087"}],"wp:attachment":[{"href":"https:\/\/orchesterschule.com\/berlin\/wp-json\/wp\/v2\/media?parent=2"}],"curies":[{"name":"wp","href":"https:\/\/api.w.org\/{rel}","templated":true}]}}